{"id":39,"date":"2025-07-04T20:04:22","date_gmt":"2025-07-04T20:04:22","guid":{"rendered":"https:\/\/www.francofotografiayvideo.com\/home\/"},"modified":"2026-01-31T07:17:48","modified_gmt":"2026-01-31T07:17:48","slug":"home","status":"publish","type":"page","link":"https:\/\/www.francofotografiayvideo.com\/","title":{"rendered":"Home"},"content":{"rendered":"\n\n\n\n\n\n\n\n\n\n\n\n\n\n\n\n<p><span style=\"color: rgb(0, 0, 0);\">VENGA A VISITARNOS CONTACTENOS LE DAMOS PRESUPUESTO GRATUITO SIN COMPROMISO <\/span><\/p>\n\n\nServicios para&nbsp;\n\n<p dir=\"ltr\" style=\"line-height: 1.38; margin-top: 12pt; margin-bottom: 12pt; text-align: center;\"><span style=\"font-size:11pt;font-family:Arial,sans-serif;color:#000000;background-color:transparent;font-weight:700;font-style:normal;font-variant:normal;text-decoration:none;vertical-align:baseline;white-space:pre;white-space:pre-wrap;\"><\/span><\/p><span style=\"font-size: large;\"><p dir=\"ltr\" style=\"line-height: 1.38; margin-top: 12pt; margin-bottom: 12pt; text-align: center;\"><span style=\"font-family: Arial, sans-serif; color: rgb(0, 0, 0); background-color: transparent; font-weight: 700; font-style: normal; font-variant: normal; text-decoration: none; vertical-align: baseline; white-space: pre-wrap;\"><\/span><\/p><span style=\"font-size: large; font-family: Helvetica; line-height: 1;\"><p dir=\"ltr\" style=\"line-height: 1.38; margin-top: 12pt; margin-bottom: 12pt; text-align: center;\"><span style=\"font-family: Arial, sans-serif; color: rgb(0, 0, 0); background-color: transparent; font-weight: 700; font-style: normal; font-variant: normal; text-decoration: none; vertical-align: baseline; white-space: pre-wrap;\">Somos la tercera generaci\u00f3n de fot\u00f3grafos en nuestra familia.&nbsp;<\/span><\/p><p dir=\"ltr\" style=\"line-height: 1.38; margin-top: 12pt; margin-bottom: 12pt; text-align: center;\"><span style=\"font-family: Arial, sans-serif; color: rgb(0, 0, 0); background-color: transparent; font-weight: 400; font-style: normal; font-variant: normal; text-decoration: none; vertical-align: baseline; white-space: pre-wrap;\"><span style=\"\"><\/span>A lo largo del tiempo, hemos aprendido la importancia que tiene para nuestros clientes conservar los momentos m\u00e1s importantes de la vida, capturando im\u00e1genes inolvidables para tenerlos siempre presentes.<\/span><\/p><p dir=\"ltr\" style=\"line-height: 1.38; margin-top: 12pt; margin-bottom: 12pt; text-align: center;\"><span style=\"font-family: Arial, sans-serif; color: rgb(0, 0, 0); background-color: transparent; font-weight: 400; font-style: normal; font-variant: normal; text-decoration: none; vertical-align: baseline; white-space: pre-wrap;\">Desde el gesto de un beb\u00e9, la emoci\u00f3n de una quincea\u00f1era, el sentimiento de una boda, la sonrisa y las l\u00e1grimas de felicidad.<\/span><\/p><p style=\"text-align: center;\"><span style=\"font-weight:normal;\" id=\"docs-internal-guid-b8555bb6-7fff-476c-1dfb-b6a2326b7a50\"><\/span><\/p><p dir=\"ltr\" style=\"line-height: 1.38; margin-top: 12pt; margin-bottom: 12pt; text-align: center;\"><span style=\"font-family: Arial, sans-serif; color: rgb(0, 0, 0); background-color: transparent; font-weight: 400; font-style: normal; font-variant: normal; text-decoration: none; vertical-align: baseline; white-space: pre-wrap;\">Es por eso que nos ponemos a sus \u00f3rdenes, con nuestra experiencia y formalidad, para capturar todos sus bellos momentos y recordarlos por siempre<\/span><\/p><\/span><p dir=\"ltr\" style=\"line-height: 1.38; margin-top: 12pt; margin-bottom: 12pt; text-align: center;\"><span style=\"font-family: Arial, sans-serif; color: rgb(0, 0, 0); background-color: transparent; font-weight: 400; font-style: normal; font-variant: normal; text-decoration: none; vertical-align: baseline; white-space: pre-wrap;\"><span style=\"font-size:medium;\"><span style=\"\"><\/span><\/span><\/span><\/p><\/span><p dir=\"ltr\" style=\"line-height: 1.38; margin-top: 12pt; margin-bottom: 12pt; text-align: center;\"><span style=\"font-size:11pt;font-family:Arial,sans-serif;color:#000000;background-color:transparent;font-weight:400;font-style:normal;font-variant:normal;text-decoration:none;vertical-align:baseline;white-space:pre;white-space:pre-wrap;\"><\/span><\/p>\n\n\n\n\n\n\nGALERIA\n<br>\n\n\n<p style=\"color:#fff !important; font-weight:bold !important;!important;\">\n  Studio Sessions\n<\/p>\n<p style=\"color:#fff !important; font-weight:bold !important; !important;\">\n  Sesi\u00f3n de Estudio\n<\/p>\n<p><br><\/p>\n\n\n<p style=\"color:#fff !important; font-weight:bold !important;!important;\">\nQUINCEA\u00d1ERAS\n<\/p><p style=\"color:#fff !important; font-weight:bold !important;!important;\">SWEET 15s<\/p>\n\n\n<p style=\"color:#fff !important; font-weight:bold !important;!important;\">\nBODAS\n<\/p><p style=\"color:#fff !important; font-weight:bold !important;!important;\">WEDDINGS<\/p>\n\n\n\n\n\n\n\n\nSIGANOS en nuestras redes sociales\n\n\n&#8230;\n\n\n\n\n\n\n\n\n\n\n\n\n\n\n\n\n\n\n\n\n\n\nSERVICIOS para fotografos<br>\n<br>\n<br>\n\n\n\n\n\n\nIMPRESIONES\n\n&nbsp;para fotografos <br>\n\n\n<p>Lorem Ipsum has been the industry&#8217;s standard dummy text ever since the 1500s.<\/p>\n<p>Lorem Ipsum has been the industry&#8217;s standard dummy text ever since the 1500s.<\/p>\n<p>Lorem Ipsum has been the industry&#8217;s standard dummy text ever since the 1500s.<\/p>\n\n\n<p>Lorem Ipsum has been the industry&#8217;s standard dummy text ever since the 1500s.<\/p>\n<p>Lorem Ipsum has been the industry&#8217;s standard dummy text ever since the 1500s.<\/p>\n<p>Lorem Ipsum has been the industry&#8217;s standard dummy text ever since the 1500s.<\/p>\n\n\n\n\n\n\n\n\nTESTIMONIOS\n\n\nA few words from my clients\n\n\n.\n\n<p [object NamedNodeMap]>Lorem ipsum dolor sit amet, consectetur adipiscing elit, sed do eiusmod tempor incididunt ut labore et dolore magna aliqua. Ut enim ad minim veniam, quis nostrud exercitation ullamco laboris nisi ut aliquip ex ea commodo consequat.<\/p>\n\n\n<p [object NamedNodeMap]>Lorem ipsum dolor sit amet, consectetur adipiscing elit, sed do eiusmod tempor incididunt ut labore et dolore magna aliqua. Ut enim ad minim veniam, quis nostrud exercitation ullamco laboris nisi ut aliquip ex ea commodo consequat.<\/p>\n\n\n\n\n\n\n\n\nSERVICIOS PARA FOTOGRAFOS\n\n<br>\n\n\n\n\n\nIMPRESIONES\n\n\n<p [object NamedNodeMap]>Lorem Ipsum has been the industry&#8217;s standard dummy text ever since the 1500s, when an unknown printer took a galley of type and scrambled it to make a type specimen book.Vestibulum sed tristique massa. Quisque et feugiat risus, eu tristique felis. Pellentesque habitant morbi tristique senectus et netus et malesuada fames ac turpis egestas. Nulla facilisi. Pellentesque varius ipsum in urna semper volutpat. Etiam ac magna scelerisque, sodales enim at, interdum nibh. Nulla nec blandit orci<\/p>\n\n\n\n\nFOTOS METALIZADAS\n<p><br><\/p>\n\n\n\nMARCOS\n\n<p [object NamedNodeMap]>Lorem Ipsum has been the industry&#8217;s standard dummy text ever since the 1500s, when an unknown printer took a galley of type and scrambled it to make a type specimen book.Vestibulum sed tristique massa. Quisque et feugiat risus, eu tristique felis. Pellentesque habitant morbi tristique senectus et netus et malesuada fames ac turpis egestas. Nulla facilisi. Pellentesque varius ipsum in urna semper volutpat. Etiam ac magna scelerisque, sodales enim at, interdum nibh. Nulla nec blandit orci<\/p>\n\n\n\n\n\n","protected":false},"excerpt":{"rendered":"","protected":false},"author":1,"featured_media":0,"parent":0,"menu_order":0,"comment_status":"closed","ping_status":"closed","template":"","meta":{"pagelayer_contact_templates":[],"_pagelayer_content":"","footnotes":""},"class_list":["post-39","page","type-page","status-publish","hentry"],"_links":{"self":[{"href":"https:\/\/www.francofotografiayvideo.com\/index.php?rest_route=\/wp\/v2\/pages\/39","targetHints":{"allow":["GET"]}}],"collection":[{"href":"https:\/\/www.francofotografiayvideo.com\/index.php?rest_route=\/wp\/v2\/pages"}],"about":[{"href":"https:\/\/www.francofotografiayvideo.com\/index.php?rest_route=\/wp\/v2\/types\/page"}],"author":[{"embeddable":true,"href":"https:\/\/www.francofotografiayvideo.com\/index.php?rest_route=\/wp\/v2\/users\/1"}],"replies":[{"embeddable":true,"href":"https:\/\/www.francofotografiayvideo.com\/index.php?rest_route=%2Fwp%2Fv2%2Fcomments&post=39"}],"version-history":[{"count":105,"href":"https:\/\/www.francofotografiayvideo.com\/index.php?rest_route=\/wp\/v2\/pages\/39\/revisions"}],"predecessor-version":[{"id":922,"href":"https:\/\/www.francofotografiayvideo.com\/index.php?rest_route=\/wp\/v2\/pages\/39\/revisions\/922"}],"wp:attachment":[{"href":"https:\/\/www.francofotografiayvideo.com\/index.php?rest_route=%2Fwp%2Fv2%2Fmedia&parent=39"}],"curies":[{"name":"wp","href":"https:\/\/api.w.org\/{rel}","templated":true}]}}